{"id":25135,"date":"2025-05-20T12:45:27","date_gmt":"2025-05-20T19:45:27","guid":{"rendered":"https:\/\/nuviglobal.com\/?page_id=25135"},"modified":"2025-05-21T14:56:25","modified_gmt":"2025-05-21T21:56:25","slug":"california-proposition-65","status":"publish","type":"page","link":"\/mex\/california-proposition-65\/","title":{"rendered":"California Proposition 65"},"content":{"rendered":"<div data-elementor-type=\"wp-page\" data-elementor-id=\"25135\" class=\"elementor elementor-25135\" data-elementor-settings=\"{&quot;ha_cmc_init_switcher&quot;:&quot;no&quot;}\" data-elementor-post-type=\"page\">\n\t\t\t\t<div class=\"elementor-element elementor-element-660b8c1 e-flex e-con-boxed wpr-particle-no wpr-jarallax-no wpr-parallax-no wpr-sticky-section-no e-con e-parent\" data-id=\"660b8c1\" data-element_type=\"container\" data-e-type=\"container\" data-settings=\"{&quot;background_background&quot;:&quot;classic&quot;,&quot;_ha_eqh_enable&quot;:false}\">\n\t\t\t\t\t<div class=\"e-con-inner\">\n\t\t\t\t<div class=\"elementor-element elementor-element-e246e95 elementor-widget elementor-widget-heading\" data-id=\"e246e95\" data-element_type=\"widget\" data-e-type=\"widget\" data-widget_type=\"heading.default\">\n\t\t\t\t<div class=\"elementor-widget-container\">\n\t\t\t\t\t<h2 class=\"elementor-heading-title elementor-size-default\">TODO LO QUE NECESITA SABER SOBRE<br>PROPOSICI\u00d3N 65 DE CALIFORNIA<\/h2>\t\t\t\t<\/div>\n\t\t\t\t<\/div>\n\t\t\t\t<div class=\"elementor-element elementor-element-406bb0f elementor-widget elementor-widget-text-editor\" data-id=\"406bb0f\" data-element_type=\"widget\" data-e-type=\"widget\" data-widget_type=\"text-editor.default\">\n\t\t\t\t<div class=\"elementor-widget-container\">\n\t\t\t\t\t\t\t\t\t<p><strong data-start=\"50\" data-end=\"68\">Proposici\u00f3n 65<\/strong> es una ley de California que exige avisos para los productos que puedan exponer a los consumidores a incluso peque\u00f1as cantidades de m\u00e1s de 900 sustancias qu\u00edmicas conocidas por causar c\u00e1ncer, defectos de nacimiento o da\u00f1os reproductivos. Aunque la ley s\u00f3lo se aplica en California, muchos productos que se venden en otros lugares tambi\u00e9n llevan estas advertencias, ya que los fabricantes a veces no pueden saber d\u00f3nde se vender\u00e1n o acabar\u00e1n sus productos.<\/p>\t\t\t\t\t\t\t\t<\/div>\n\t\t\t\t<\/div>\n\t\t\t\t\t<\/div>\n\t\t\t\t<\/div>\n\t\t<div class=\"elementor-element elementor-element-194dd55 e-flex e-con-boxed wpr-particle-no wpr-jarallax-no wpr-parallax-no wpr-sticky-section-no e-con e-parent\" data-id=\"194dd55\" data-element_type=\"container\" data-e-type=\"container\" data-settings=\"{&quot;_ha_eqh_enable&quot;:false}\">\n\t\t\t\t\t<div class=\"e-con-inner\">\n\t\t\t\t<div class=\"elementor-element elementor-element-18871eb elementor-widget elementor-widget-heading\" data-id=\"18871eb\" data-element_type=\"widget\" data-e-type=\"widget\" data-widget_type=\"heading.default\">\n\t\t\t\t<div class=\"elementor-widget-container\">\n\t\t\t\t\t<h2 class=\"elementor-heading-title elementor-size-default\">\u00bfQU\u00c9 SIGNIFICA ESTO?<\/h2>\t\t\t\t<\/div>\n\t\t\t\t<\/div>\n\t\t\t\t<div class=\"elementor-element elementor-element-6c570d9 elementor-widget elementor-widget-text-editor\" data-id=\"6c570d9\" data-element_type=\"widget\" data-e-type=\"widget\" data-widget_type=\"text-editor.default\">\n\t\t\t\t<div class=\"elementor-widget-container\">\n\t\t\t\t\t\t\t\t\t<p>La proposici\u00f3n 65 exige una aviso si un producto puede exponer a los usuarios a un <a href=\"https:\/\/oehha.ca.gov\/proposition-65\/proposition-65-list\" target=\"_blank\" rel=\"noopener\">producto qu\u00edmico<\/a>-a menos que pueda demostrarse que la exposici\u00f3n es al menos 1.000 veces inferior al nivel que, seg\u00fan los estudios cient\u00edficos m\u00e1s amplios y extensos, no causa da\u00f1os reproductivos observables en humanos o animales.<\/p><p data-start=\"71\" data-end=\"551\">Como explica California, un aviso de la Proposici\u00f3n 65 no indica necesariamente que un producto infrinja ninguna norma de seguridad. En virtud de la Proposici\u00f3n 65, Nuvi Global est\u00e1 obligada por ley a incluir un aviso en sus productos aunque la exposici\u00f3n potencial al plomo sea hasta 25 veces inferior al l\u00edmite de seguridad establecido por la FDA para adultos. La ley obliga a incluir un aviso si un producto contiene m\u00e1s de medio microgramo de plomo en la raci\u00f3n diaria recomendada, lo que equivale aproximadamente a la cienmillon\u00e9sima parte de una onza.<\/p><p data-start=\"71\" data-end=\"551\">El plomo est\u00e1 presente de forma natural en la tierra y, por tanto, en los alimentos o suplementos que consumimos a diario.<\/p><p data-start=\"71\" data-end=\"551\">Incluidos, entre otros <b>vitaminas<\/b>, <b>hierbas<\/b>, <b>verduras<\/b>y <b>minerales<\/b>. Pr\u00e1cticamente cualquier cosa que pueda ingerirse sin peligro.<\/p>\t\t\t\t\t\t\t\t<\/div>\n\t\t\t\t<\/div>\n\t\t\t\t\t<\/div>\n\t\t\t\t<\/div>\n\t\t<div class=\"elementor-element elementor-element-1fcd8e2 e-flex e-con-boxed wpr-particle-no wpr-jarallax-no wpr-parallax-no wpr-sticky-section-no e-con e-parent\" data-id=\"1fcd8e2\" data-element_type=\"container\" data-e-type=\"container\" data-settings=\"{&quot;_ha_eqh_enable&quot;:false}\">\n\t\t\t\t\t<div class=\"e-con-inner\">\n\t\t\t\t<div class=\"elementor-element elementor-element-386d756 elementor-widget elementor-widget-image\" data-id=\"386d756\" data-element_type=\"widget\" data-e-type=\"widget\" data-widget_type=\"image.default\">\n\t\t\t\t<div class=\"elementor-widget-container\">\n\t\t\t\t\t\t\t\t\t\t\t\t\t\t\t<img fetchpriority=\"high\" decoding=\"async\" width=\"300\" height=\"200\" src=\"https:\/\/nuviglobal.com\/wp-content\/uploads\/2025\/05\/pexels-janetrangdoan-1128678-300x200.jpg\" class=\"attachment-medium size-medium wp-image-25140\" alt=\"\" srcset=\"https:\/\/nuviglobal.com\/wp-content\/uploads\/2025\/05\/pexels-janetrangdoan-1128678-300x200.jpg 300w, https:\/\/nuviglobal.com\/wp-content\/uploads\/2025\/05\/pexels-janetrangdoan-1128678-1024x683.jpg 1024w, https:\/\/nuviglobal.com\/wp-content\/uploads\/2025\/05\/pexels-janetrangdoan-1128678-768x512.jpg 768w, https:\/\/nuviglobal.com\/wp-content\/uploads\/2025\/05\/pexels-janetrangdoan-1128678-1536x1024.jpg 1536w, https:\/\/nuviglobal.com\/wp-content\/uploads\/2025\/05\/pexels-janetrangdoan-1128678-2048x1366.jpg 2048w, https:\/\/nuviglobal.com\/wp-content\/uploads\/2025\/05\/pexels-janetrangdoan-1128678-18x12.jpg 18w, https:\/\/nuviglobal.com\/wp-content\/uploads\/2025\/05\/pexels-janetrangdoan-1128678-24x16.jpg 24w, https:\/\/nuviglobal.com\/wp-content\/uploads\/2025\/05\/pexels-janetrangdoan-1128678-36x24.jpg 36w, https:\/\/nuviglobal.com\/wp-content\/uploads\/2025\/05\/pexels-janetrangdoan-1128678-48x32.jpg 48w\" sizes=\"(max-width: 300px) 100vw, 300px\" \/>\t\t\t\t\t\t\t\t\t\t\t\t\t\t\t<\/div>\n\t\t\t\t<\/div>\n\t\t\t\t\t<\/div>\n\t\t\t\t<\/div>\n\t\t<div class=\"elementor-element elementor-element-0b61c50 e-flex e-con-boxed wpr-particle-no wpr-jarallax-no wpr-parallax-no wpr-sticky-section-no e-con e-parent\" data-id=\"0b61c50\" data-element_type=\"container\" data-e-type=\"container\" data-settings=\"{&quot;_ha_eqh_enable&quot;:false}\">\n\t\t\t\t\t<div class=\"e-con-inner\">\n\t\t\t\t<div class=\"elementor-element elementor-element-13846a7 elementor-widget elementor-widget-heading\" data-id=\"13846a7\" data-element_type=\"widget\" data-e-type=\"widget\" data-widget_type=\"heading.default\">\n\t\t\t\t<div class=\"elementor-widget-container\">\n\t\t\t\t\t<h2 class=\"elementor-heading-title elementor-size-default\">\u00bfSON SEGUROS LOS PRODUCTOS NUVI GLOBAL?<\/h2>\t\t\t\t<\/div>\n\t\t\t\t<\/div>\n\t\t<div class=\"elementor-element elementor-element-1a67978 e-con-full e-flex wpr-particle-no wpr-jarallax-no wpr-parallax-no wpr-sticky-section-no e-con e-child\" data-id=\"1a67978\" data-element_type=\"container\" data-e-type=\"container\" data-settings=\"{&quot;_ha_eqh_enable&quot;:false}\">\n\t\t\t\t<div class=\"elementor-element elementor-element-f456c39 elementor-widget elementor-widget-text-editor\" data-id=\"f456c39\" data-element_type=\"widget\" data-e-type=\"widget\" data-widget_type=\"text-editor.default\">\n\t\t\t\t<div class=\"elementor-widget-container\">\n\t\t\t\t\t\t\t\t\t<p>\u00a1Claro que s\u00ed! Todos nuestros productos se obtienen de las mejores fuentes naturales.  La gesti\u00f3n del contenido de plomo o de cualquier ingrediente es algo que nos tomamos muy serio y somos conscientes de la ingesta de plomo recomendada tanto por la FDA como por California.\u00a0<\/p>\t\t\t\t\t\t\t\t<\/div>\n\t\t\t\t<\/div>\n\t\t\t\t<\/div>\n\t\t\t\t\t<\/div>\n\t\t\t\t<\/div>\n\t\t<div class=\"elementor-element elementor-element-fd728b1 e-flex e-con-boxed wpr-particle-no wpr-jarallax-no wpr-parallax-no wpr-sticky-section-no e-con e-parent\" data-id=\"fd728b1\" data-element_type=\"container\" data-e-type=\"container\" data-settings=\"{&quot;_ha_eqh_enable&quot;:false}\">\n\t\t\t\t\t<div class=\"e-con-inner\">\n\t\t\t\t<div class=\"elementor-element elementor-element-3adfcc9 elementor-widget elementor-widget-heading\" data-id=\"3adfcc9\" data-element_type=\"widget\" data-e-type=\"widget\" data-widget_type=\"heading.default\">\n\t\t\t\t<div class=\"elementor-widget-container\">\n\t\t\t\t\t<h2 class=\"elementor-heading-title elementor-size-default\">COMIDA PARA TU<\/h2>\t\t\t\t<\/div>\n\t\t\t\t<\/div>\n\t\t<div class=\"elementor-element elementor-element-29ec27d e-con-full e-flex wpr-particle-no wpr-jarallax-no wpr-parallax-no wpr-sticky-section-no e-con e-child\" data-id=\"29ec27d\" data-element_type=\"container\" data-e-type=\"container\" data-settings=\"{&quot;_ha_eqh_enable&quot;:false}\">\n\t\t\t\t<div class=\"elementor-element elementor-element-a757fd6 elementor-widget elementor-widget-text-editor\" data-id=\"a757fd6\" data-element_type=\"widget\" data-e-type=\"widget\" data-widget_type=\"text-editor.default\">\n\t\t\t\t<div class=\"elementor-widget-container\">\n\t\t\t\t\t\t\t\t\t<p>Algunos comidas contienen trazas de plomo. Seg\u00fan las directrices de la Proposici\u00f3n 65, cada uno de los siguientes alimentos podr\u00eda requerir un aviso de exposici\u00f3n al plomo basado en el tama\u00f1o de una porci\u00f3n t\u00edpica:<\/p><p><b>Zanahorias, remolachas, batatas,\u00a0<span style=\"font-size: 1rem;\">espinacas, lechuga, arroz,\u00a0<\/span><span style=\"font-size: 1rem;\">Mariscos, peces de fondo, etc.<\/span><\/b><\/p>\t\t\t\t\t\t\t\t<\/div>\n\t\t\t\t<\/div>\n\t\t\t\t<\/div>\n\t\t\t\t\t<\/div>\n\t\t\t\t<\/div>\n\t\t<div class=\"elementor-element elementor-element-4575141 e-flex e-con-boxed wpr-particle-no wpr-jarallax-no wpr-parallax-no wpr-sticky-section-no e-con e-parent\" data-id=\"4575141\" data-element_type=\"container\" data-e-type=\"container\" data-settings=\"{&quot;_ha_eqh_enable&quot;:false}\">\n\t\t\t\t\t<div class=\"e-con-inner\">\n\t\t\t\t<div class=\"elementor-element elementor-element-415accf elementor-widget elementor-widget-heading\" data-id=\"415accf\" data-element_type=\"widget\" data-e-type=\"widget\" data-widget_type=\"heading.default\">\n\t\t\t\t<div class=\"elementor-widget-container\">\n\t\t\t\t\t<h2 class=\"elementor-heading-title elementor-size-default\">EL NIVEL DE INGESTA TOLERABLE DE PLOMO POR ORGANIZACI\u00d3N<\/h2>\t\t\t\t<\/div>\n\t\t\t\t<\/div>\n\t\t\t\t<div class=\"elementor-element elementor-element-345830f elementor-widget elementor-widget-text-editor\" data-id=\"345830f\" data-element_type=\"widget\" data-e-type=\"widget\" data-widget_type=\"text-editor.default\">\n\t\t\t\t<div class=\"elementor-widget-container\">\n\t\t\t\t\t\t\t\t\t<p>La <a href=\"https:\/\/www.fda.gov\/food\/environmental-contaminants-food\/lead-food-and-foodwares\" target=\"_blank\" rel=\"noopener\">FDA<\/a>&nbsp;y <a href=\"https:\/\/oehha.ca.gov\/proposition-65\/general-info\/proposition-65-no-significant-risk-levels-nsrls-and-maximum-allowable-dose-levels-madls\" target=\"_blank\" rel=\"noopener\">CA Prop 65<\/a>&nbsp;tienen l\u00edmites de plomo.<\/p>\t\t\t\t\t\t\t\t<\/div>\n\t\t\t\t<\/div>\n\t\t\t\t\t<\/div>\n\t\t\t\t<\/div>\n\t\t<div class=\"elementor-element elementor-element-367515e e-flex e-con-boxed wpr-particle-no wpr-jarallax-no wpr-parallax-no wpr-sticky-section-no e-con e-parent\" data-id=\"367515e\" data-element_type=\"container\" data-e-type=\"container\" data-settings=\"{&quot;_ha_eqh_enable&quot;:false}\">\n\t\t\t\t\t<div class=\"e-con-inner\">\n\t\t\t\t<div class=\"elementor-element elementor-element-cb53497 elementor-widget elementor-widget-image\" data-id=\"cb53497\" data-element_type=\"widget\" data-e-type=\"widget\" data-no-translation=\"\" data-widget_type=\"image.default\">\n\t\t\t\t<div class=\"elementor-widget-container\">\n\t\t\t\t\t<style>.elementor-element-cb53497{display:none !important}<\/style>\t\t\t\t<\/div>\n\t\t\t\t<\/div>\n\t\t\t\t<div class=\"elementor-element elementor-element-88ed35a elementor-widget elementor-widget-image\" data-id=\"88ed35a\" data-element_type=\"widget\" data-e-type=\"widget\" data-widget_type=\"image.default\">\n\t\t\t\t<div class=\"elementor-widget-container\">\n\t\t\t\t\t\t\t\t\t\t\t\t\t\t\t<img decoding=\"async\" width=\"1024\" height=\"493\" src=\"https:\/\/nuviglobal.com\/wp-content\/uploads\/2025\/05\/Prop-65-Span-1024x493.png\" class=\"attachment-large size-large wp-image-25172\" alt=\"\" srcset=\"https:\/\/nuviglobal.com\/wp-content\/uploads\/2025\/05\/Prop-65-Span-1024x493.png 1024w, https:\/\/nuviglobal.com\/wp-content\/uploads\/2025\/05\/Prop-65-Span-300x144.png 300w, https:\/\/nuviglobal.com\/wp-content\/uploads\/2025\/05\/Prop-65-Span-768x370.png 768w, https:\/\/nuviglobal.com\/wp-content\/uploads\/2025\/05\/Prop-65-Span-18x9.png 18w, https:\/\/nuviglobal.com\/wp-content\/uploads\/2025\/05\/Prop-65-Span-24x12.png 24w, https:\/\/nuviglobal.com\/wp-content\/uploads\/2025\/05\/Prop-65-Span-36x17.png 36w, https:\/\/nuviglobal.com\/wp-content\/uploads\/2025\/05\/Prop-65-Span-48x23.png 48w, https:\/\/nuviglobal.com\/wp-content\/uploads\/2025\/05\/Prop-65-Span.png 1350w\" sizes=\"(max-width: 1024px) 100vw, 1024px\" \/>\t\t\t\t\t\t\t\t\t\t\t\t\t\t\t<\/div>\n\t\t\t\t<\/div>\n\t\t\t\t\t<\/div>\n\t\t\t\t<\/div>\n\t\t\t\t<\/div>","protected":false},"excerpt":{"rendered":"<p>EVERYTHING YOU NEED TO KNOW ABOUTCALIFORNIA PROPOSITION 65 Proposition 65 is a California law that requires warnings for products that may expose users to even small amounts of over 900 chemicals known to cause cancer, birth defects, or reproductive harm. While the law applies only in California, many products sold elsewhere also carry these warnings, since manufacturers often can&#8217;t predict where their products will be sold or end up. SO WHAT DOES THIS MEAN? Proposition 65 requires a warning if a product could expose users to a listed chemical\u2014unless it can be proven that the exposure is at least 1,000 times lower than the level shown in the most vast and extensive scientific studies to cause no observable reproductive harm in humans or animals. As California explains, a Proposition 65 warning does not necessarily indicate that a product violates any safety standards. Under Prop 65, Nuvi Global is required by law to include a warning on its products even if the potential lead exposure is up to 25 times lower than the Federal Agencies FDA\u2019s established safe limit for adults. The law mandates a warning if a product contains more than half a microgram of lead in the recommended daily serving\u2014equivalent to roughly one one-hundred-millionth of an ounce. Lead is naturally occurring in the soil and thus prevalent in the food or supplements that we may eat daily. Including but not limited to vitamins, herbs, vegetables, and minerals. Practically anything that can be ingested safely. ARE NUVI GLOBAL PRODUCTS SAFE? Yes! All of our products are obtained from the best all natural sources. Managing the lead content or any ingredient for that matter is something we take very seriously and are mindful of both the FDA&#8217;s and Californias recommended lead intake.\u00a0 FOOD FOR YOU Some everyday foods contain trace amounts of lead. Under Proposition 65 guidelines, each of the following could potentially require a warning for lead exposure based on a typical serving size: Carrots, beets, sweet potatoes,\u00a0spinach, lettuce, rice,\u00a0Shellfish, bottom-dwelling fish, etc. THE TOLERABLE INTAKE LEVEL FOR LEAD BY ORGANIZATION The FDA&nbsp;and CA Prop 65&nbsp;have lead limit thresholds.<\/p>","protected":false},"author":2,"featured_media":0,"parent":0,"menu_order":0,"comment_status":"closed","ping_status":"closed","template":"","meta":{"inline_featured_image":false,"site-sidebar-layout":"no-sidebar","site-content-layout":"","ast-site-content-layout":"full-width-container","site-content-style":"default","site-sidebar-style":"default","ast-global-header-display":"","ast-banner-title-visibility":"","ast-main-header-display":"","ast-hfb-above-header-display":"","ast-hfb-below-header-display":"","ast-hfb-mobile-header-display":"","site-post-title":"disabled","ast-breadcrumbs-content":"","ast-featured-img":"disabled","footer-sml-layout":"","ast-disable-related-posts":"","theme-transparent-header-meta":"","adv-header-id-meta":"","stick-header-meta":"","header-above-stick-meta":"","header-main-stick-meta":"","header-below-stick-meta":"","astra-migrate-meta-layouts":"default","ast-page-background-enabled":"default","ast-page-background-meta":{"desktop":{"background-color":"var(--ast-global-color-4)","background-image":"","background-repeat":"repeat","background-position":"center center","background-size":"auto","background-attachment":"scroll","background-type":"","background-media":"","overlay-type":"","overlay-color":"","overlay-opacity":"","overlay-gradient":""},"tablet":{"background-color":"","background-image":"","background-repeat":"repeat","background-position":"center center","background-size":"auto","background-attachment":"scroll","background-type":"","background-media":"","overlay-type":"","overlay-color":"","overlay-opacity":"","overlay-gradient":""},"mobile":{"background-color":"","background-image":"","background-repeat":"repeat","background-position":"center center","background-size":"auto","background-attachment":"scroll","background-type":"","background-media":"","overlay-type":"","overlay-color":"","overlay-opacity":"","overlay-gradient":""}},"ast-content-background-meta":{"desktop":{"background-color":"var(--ast-global-color-5)","background-image":"","background-repeat":"repeat","background-position":"center center","background-size":"auto","background-attachment":"scroll","background-type":"","background-media":"","overlay-type":"","overlay-color":"","overlay-opacity":"","overlay-gradient":""},"tablet":{"background-color":"var(--ast-global-color-5)","background-image":"","background-repeat":"repeat","background-position":"center center","background-size":"auto","background-attachment":"scroll","background-type":"","background-media":"","overlay-type":"","overlay-color":"","overlay-opacity":"","overlay-gradient":""},"mobile":{"background-color":"var(--ast-global-color-5)","background-image":"","background-repeat":"repeat","background-position":"center center","background-size":"auto","background-attachment":"scroll","background-type":"","background-media":"","overlay-type":"","overlay-color":"","overlay-opacity":"","overlay-gradient":""}},"footnotes":""},"class_list":["post-25135","page","type-page","status-publish","hentry"],"_links":{"self":[{"href":"\/mex\/wp-json\/wp\/v2\/pages\/25135","targetHints":{"allow":["GET"]}}],"collection":[{"href":"\/mex\/wp-json\/wp\/v2\/pages"}],"about":[{"href":"\/mex\/wp-json\/wp\/v2\/types\/page"}],"author":[{"embeddable":true,"href":"\/mex\/wp-json\/wp\/v2\/users\/2"}],"replies":[{"embeddable":true,"href":"\/mex\/wp-json\/wp\/v2\/comments?post=25135"}],"version-history":[{"count":28,"href":"\/mex\/wp-json\/wp\/v2\/pages\/25135\/revisions"}],"predecessor-version":[{"id":25180,"href":"\/mex\/wp-json\/wp\/v2\/pages\/25135\/revisions\/25180"}],"wp:attachment":[{"href":"\/mex\/wp-json\/wp\/v2\/media?parent=25135"}],"curies":[{"name":"wp","href":"https:\/\/api.w.org\/{rel}","templated":true}]}}