{"id":867,"date":"2024-02-28T15:26:38","date_gmt":"2024-02-28T23:26:38","guid":{"rendered":"https:\/\/nuviglobal.com\/staging\/?page_id=867"},"modified":"2026-01-21T11:12:12","modified_gmt":"2026-01-21T19:12:12","slug":"shipping","status":"publish","type":"page","link":"\/mex\/shipping\/","title":{"rendered":"Env\u00edo"},"content":{"rendered":"<div data-elementor-type=\"wp-page\" data-elementor-id=\"867\" class=\"elementor elementor-867\" data-elementor-settings=\"{&quot;ha_cmc_init_switcher&quot;:&quot;no&quot;}\" data-elementor-post-type=\"page\">\n\t\t\t\t<div class=\"elementor-element elementor-element-54e08083 e-con-full e-flex wpr-particle-no wpr-jarallax-no wpr-parallax-no wpr-sticky-section-no e-con e-parent\" data-id=\"54e08083\" data-element_type=\"container\" data-e-type=\"container\" data-settings=\"{&quot;background_background&quot;:&quot;classic&quot;,&quot;_ha_eqh_enable&quot;:false}\">\n\t\t<div class=\"elementor-element elementor-element-4dc0984b e-flex e-con-boxed wpr-particle-no wpr-jarallax-no wpr-parallax-no wpr-sticky-section-no e-con e-child\" data-id=\"4dc0984b\" data-element_type=\"container\" data-e-type=\"container\" data-settings=\"{&quot;_ha_eqh_enable&quot;:false}\">\n\t\t\t\t\t<div class=\"e-con-inner\">\n\t\t\t\t<div class=\"elementor-element elementor-element-b15daee elementor-widget elementor-widget-text-editor\" data-id=\"b15daee\" data-element_type=\"widget\" data-e-type=\"widget\" data-widget_type=\"text-editor.default\">\n\t\t\t\t<div class=\"elementor-widget-container\">\n\t\t\t\t\t\t\t\t\t<p style=\"text-align: center;\"><span style=\"color: #ffffff;\">EN EFECTIVO el 17 de julio de 2025<\/span><\/p>\t\t\t\t\t\t\t\t<\/div>\n\t\t\t\t<\/div>\n\t\t\t\t<div class=\"elementor-element elementor-element-9df81c7 elementor-widget elementor-widget-heading\" data-id=\"9df81c7\" data-element_type=\"widget\" data-e-type=\"widget\" data-widget_type=\"heading.default\">\n\t\t\t\t<div class=\"elementor-widget-container\">\n\t\t\t\t\t<h2 class=\"elementor-heading-title elementor-size-default\">Env\u00edo<\/h2>\t\t\t\t<\/div>\n\t\t\t\t<\/div>\n\t\t\t\t\t<\/div>\n\t\t\t\t<\/div>\n\t\t\t\t<\/div>\n\t\t<div class=\"elementor-element elementor-element-b08af79 e-flex e-con-boxed wpr-particle-no wpr-jarallax-no wpr-parallax-no wpr-sticky-section-no e-con e-parent\" data-id=\"b08af79\" data-element_type=\"container\" data-e-type=\"container\" data-settings=\"{&quot;_ha_eqh_enable&quot;:false}\">\n\t\t\t\t\t<div class=\"e-con-inner\">\n\t\t\t\t<div class=\"elementor-element elementor-element-df57317 elementor-widget elementor-widget-heading\" data-id=\"df57317\" data-element_type=\"widget\" data-e-type=\"widget\" data-widget_type=\"heading.default\">\n\t\t\t\t<div class=\"elementor-widget-container\">\n\t\t\t\t\t<h2 class=\"elementor-heading-title elementor-size-default\">Coste de env\u00edo<\/h2>\t\t\t\t<\/div>\n\t\t\t\t<\/div>\n\t\t\t\t<div class=\"elementor-element elementor-element-7273b23 elementor-widget elementor-widget-text-editor\" data-id=\"7273b23\" data-element_type=\"widget\" data-e-type=\"widget\" data-widget_type=\"text-editor.default\">\n\t\t\t\t<div class=\"elementor-widget-container\">\n\t\t\t\t\t\t\t\t\t<p>- Todos los gastos de env\u00edo se basan en el peso del pedido total.<span style=\"font-style: inherit; font-weight: inherit; color: var( --e-global-color-text ); font-family: var( --e-global-typography-text-font-family ), Sans-serif; text-align: var(--text-align); background-color: var(--ast-global-color-5);\">.<\/span><\/p>\t\t\t\t\t\t\t\t<\/div>\n\t\t\t\t<\/div>\n\t\t\t\t\t<\/div>\n\t\t\t\t<\/div>\n\t\t<div class=\"elementor-element elementor-element-8cf2e22 e-con-full e-flex wpr-particle-no wpr-jarallax-no wpr-parallax-no wpr-sticky-section-no e-con e-parent\" data-id=\"8cf2e22\" data-element_type=\"container\" data-e-type=\"container\" data-settings=\"{&quot;_ha_eqh_enable&quot;:false}\">\n\t\t\t\t<div class=\"elementor-element elementor-element-e9be308 elementor-widget elementor-widget-image\" data-id=\"e9be308\" data-element_type=\"widget\" data-e-type=\"widget\" data-no-translation=\"\" data-widget_type=\"image.default\">\n\t\t\t\t<div class=\"elementor-widget-container\">\n\t\t\t\t\t<style>.elementor-element-e9be308{display:none !important}<\/style>\t\t\t\t<\/div>\n\t\t\t\t<\/div>\n\t\t\t\t<div class=\"elementor-element elementor-element-6dbd32d elementor-widget elementor-widget-image\" data-id=\"6dbd32d\" data-element_type=\"widget\" data-e-type=\"widget\" data-widget_type=\"image.default\">\n\t\t\t\t<div class=\"elementor-widget-container\">\n\t\t\t\t\t\t\t\t\t\t\t\t\t\t\t<img fetchpriority=\"high\" decoding=\"async\" width=\"1024\" height=\"576\" src=\"https:\/\/nuviglobal.com\/wp-content\/uploads\/2025\/10\/SPAN-1-1024x576.png\" class=\"attachment-large size-large wp-image-26337\" alt=\"\" srcset=\"https:\/\/nuviglobal.com\/wp-content\/uploads\/2025\/10\/SPAN-1-1024x576.png 1024w, https:\/\/nuviglobal.com\/wp-content\/uploads\/2025\/10\/SPAN-1-300x169.png 300w, https:\/\/nuviglobal.com\/wp-content\/uploads\/2025\/10\/SPAN-1-768x432.png 768w, https:\/\/nuviglobal.com\/wp-content\/uploads\/2025\/10\/SPAN-1-1536x864.png 1536w, https:\/\/nuviglobal.com\/wp-content\/uploads\/2025\/10\/SPAN-1-18x10.png 18w, https:\/\/nuviglobal.com\/wp-content\/uploads\/2025\/10\/SPAN-1-24x14.png 24w, https:\/\/nuviglobal.com\/wp-content\/uploads\/2025\/10\/SPAN-1-36x20.png 36w, https:\/\/nuviglobal.com\/wp-content\/uploads\/2025\/10\/SPAN-1-48x27.png 48w, https:\/\/nuviglobal.com\/wp-content\/uploads\/2025\/10\/SPAN-1.png 1920w\" sizes=\"(max-width: 1024px) 100vw, 1024px\" \/>\t\t\t\t\t\t\t\t\t\t\t\t\t\t\t<\/div>\n\t\t\t\t<\/div>\n\t\t\t\t<\/div>\n\t\t<div class=\"elementor-element elementor-element-ad9ca3e e-flex e-con-boxed wpr-particle-no wpr-jarallax-no wpr-parallax-no wpr-sticky-section-no e-con e-parent\" data-id=\"ad9ca3e\" data-element_type=\"container\" data-e-type=\"container\" data-settings=\"{&quot;_ha_eqh_enable&quot;:false}\">\n\t\t\t\t\t<div class=\"e-con-inner\">\n\t\t\t\t<div class=\"elementor-element elementor-element-a108c58 elementor-widget elementor-widget-heading\" data-id=\"a108c58\" data-element_type=\"widget\" data-e-type=\"widget\" data-widget_type=\"heading.default\">\n\t\t\t\t<div class=\"elementor-widget-container\">\n\t\t\t\t\t<h2 class=\"elementor-heading-title elementor-size-default\">SEGUIMIENTO DE PEDIDO<\/h2>\t\t\t\t<\/div>\n\t\t\t\t<\/div>\n\t\t\t\t<div class=\"elementor-element elementor-element-d64f67b elementor-widget elementor-widget-text-editor\" data-id=\"d64f67b\" data-element_type=\"widget\" data-e-type=\"widget\" data-widget_type=\"text-editor.default\">\n\t\t\t\t<div class=\"elementor-widget-container\">\n\t\t\t\t\t\t\t\t\t<p>- La informaci\u00f3n de seguimiento se notificar\u00e1 por correo electr\u00f3nico a la direcci\u00f3n 'ship to' indicada, si se ha facilitado en los pedidos individuales cuando se env\u00eden.<\/p><p>- El enlace del n\u00famero de seguimiento tambi\u00e9n se puede encontrar en su back office en las 2 - 12 horas siguientes a la realizaci\u00f3n del pedido. *Excepci\u00f3n a los pedidos realizados despu\u00e9s de las 2pm (PST) Viernes.<\/p>\t\t\t\t\t\t\t\t<\/div>\n\t\t\t\t<\/div>\n\t\t\t\t\t<\/div>\n\t\t\t\t<\/div>\n\t\t<div class=\"elementor-element elementor-element-eaf1895 e-flex e-con-boxed wpr-particle-no wpr-jarallax-no wpr-parallax-no wpr-sticky-section-no e-con e-parent\" data-id=\"eaf1895\" data-element_type=\"container\" data-e-type=\"container\" data-settings=\"{&quot;_ha_eqh_enable&quot;:false}\">\n\t\t\t\t\t<div class=\"e-con-inner\">\n\t\t\t\t<div class=\"elementor-element elementor-element-6cc5cc3 elementor-widget elementor-widget-heading\" data-id=\"6cc5cc3\" data-element_type=\"widget\" data-e-type=\"widget\" data-widget_type=\"heading.default\">\n\t\t\t\t<div class=\"elementor-widget-container\">\n\t\t\t\t\t<h2 class=\"elementor-heading-title elementor-size-default\">INFORMACI\u00d3N<\/h2>\t\t\t\t<\/div>\n\t\t\t\t<\/div>\n\t\t\t\t<div class=\"elementor-element elementor-element-34d64d6 elementor-widget elementor-widget-text-editor\" data-id=\"34d64d6\" data-element_type=\"widget\" data-e-type=\"widget\" data-widget_type=\"text-editor.default\">\n\t\t\t\t<div class=\"elementor-widget-container\">\n\t\t\t\t\t\t\t\t\t<p>- Complete su pedido antes de las 2pm (PST) para el env\u00edo el mismo d\u00eda.<\/p>\n<p>- Los pedidos realizados despu\u00e9s de las 2pm se enviar\u00e1n el siguiente d\u00eda laborable.<\/p>\n<p>- Los pedidos realizados en fin de semana se env\u00edan el siguiente d\u00eda laborable. *Pueden aplicar excepciones en d\u00edas de vacaciones.<\/p>\n<p>- Los pedidos no se pueden combinar para enviarlos juntos.<\/p>\n<p>- Pedidos fuera de EE.UU. <b>mensaje<\/b> (909) 682 &#8211; 5386<\/p>\n<p><span style=\"font-style: inherit; font-weight: inherit;\">- Para pedidos en M\u00e9xico o la Rep\u00fablica Dominicana, p\u00f3ngase en contacto con la oficina de cooperaci\u00f3n del pa\u00eds. M\u00e9xico: +52 33 3123 1568 DR: 809 476 6733 6753<\/span><\/p>\t\t\t\t\t\t\t\t<\/div>\n\t\t\t\t<\/div>\n\t\t\t\t\t<\/div>\n\t\t\t\t<\/div>\n\t\t<div class=\"elementor-element elementor-element-871cee2 e-flex e-con-boxed wpr-particle-no wpr-jarallax-no wpr-parallax-no wpr-sticky-section-no e-con e-parent\" data-id=\"871cee2\" data-element_type=\"container\" data-e-type=\"container\" data-settings=\"{&quot;_ha_eqh_enable&quot;:false}\">\n\t\t\t\t\t<div class=\"e-con-inner\">\n\t\t\t\t<div class=\"elementor-element elementor-element-62fbb5a elementor-widget elementor-widget-heading\" data-id=\"62fbb5a\" data-element_type=\"widget\" data-e-type=\"widget\" data-widget_type=\"heading.default\">\n\t\t\t\t<div class=\"elementor-widget-container\">\n\t\t\t\t\t<h2 class=\"elementor-heading-title elementor-size-default\">REGRESOS<\/h2>\t\t\t\t<\/div>\n\t\t\t\t<\/div>\n\t\t\t\t<div class=\"elementor-element elementor-element-aef12a9 elementor-widget elementor-widget-text-editor\" data-id=\"aef12a9\" data-element_type=\"widget\" data-e-type=\"widget\" data-widget_type=\"text-editor.default\">\n\t\t\t\t<div class=\"elementor-widget-container\">\n\t\t\t\t\t\t\t\t\t<p>- El cliente es responsable del env\u00edo de regreso, *se aplican excepciones<span style=\"font-style: inherit; font-weight: inherit; color: var( --e-global-color-text ); font-family: var( --e-global-typography-text-font-family ), Sans-serif; text-align: var(--text-align); background-color: var(--ast-global-color-5);\">.<\/span><\/p><p><span style=\"font-style: inherit; font-weight: inherit; color: var( --e-global-color-text ); font-family: var( --e-global-typography-text-font-family ), Sans-serif; text-align: var(--text-align); background-color: var(--ast-global-color-5);\">- Si lo solicita, se le facilitar\u00e1 una etiqueta de reenv\u00edo, y el coste se deducir\u00e1 del reembolso.<\/span><\/p><p><span style=\"font-style: inherit; font-weight: inherit; color: var( --e-global-color-text ); font-family: var( --e-global-typography-text-font-family ), Sans-serif; text-align: var(--text-align); background-color: var(--ast-global-color-5);\">- Reembolso del 100% menos los gastos de env\u00edo en pedidos de clientes preferentes y minoristas devueltos en un periodo de 30 d\u00edas a partir de la fecha de compra *se aplica una excepci\u00f3n a las etiquetas de devoluci\u00f3n solicitadas.<\/span><\/p><p><span style=\"font-style: inherit; font-weight: inherit; color: var( --e-global-color-text ); font-family: var( --e-global-typography-text-font-family ), Sans-serif; text-align: var(--text-align); background-color: var(--ast-global-color-5);\">- Reembolso del 100% menos los gastos de env\u00edo en pedidos de Distribuidores Independientes devueltos en un plazo de 15 d\u00edas a partir de la fecha de compra *se aplica una excepci\u00f3n a las etiquetas de devoluci\u00f3n solicitadas.<\/span><\/p><p><span style=\"font-style: inherit; font-weight: inherit; color: var( --e-global-color-text ); font-family: var( --e-global-typography-text-font-family ), Sans-serif; text-align: var(--text-align); background-color: var(--ast-global-color-5);\">- Reembolso del 90% menos los gastos de env\u00edo en pedidos de Distribuidores Independientes devueltos en un plazo de 30 d\u00edas desde la fecha de compra (incluye una tasa de reposici\u00f3n del 10%) *se aplica una excepci\u00f3n a las etiquetas de devoluci\u00f3n solicitadas.<\/span><\/p><p><span style=\"font-style: inherit; font-weight: inherit; color: var( --e-global-color-text ); font-family: var( --e-global-typography-text-font-family ), Sans-serif; text-align: var(--text-align); background-color: var(--ast-global-color-5);\">- No se aceptar\u00e1n devoluciones pasados 30 d\u00edas de la fecha de compra del pedido.<\/span><\/p><p><span style=\"font-style: inherit; font-weight: inherit; color: var( --e-global-color-text ); font-family: var( --e-global-typography-text-font-family ), Sans-serif; text-align: var(--text-align); background-color: var(--ast-global-color-5);\">- No se admiten reembolsos en ofertas especiales o promocionales en venta final.<\/span><\/p>\t\t\t\t\t\t\t\t<\/div>\n\t\t\t\t<\/div>\n\t\t\t\t\t<\/div>\n\t\t\t\t<\/div>\n\t\t<div class=\"elementor-element elementor-element-367521e e-flex e-con-boxed wpr-particle-no wpr-jarallax-no wpr-parallax-no wpr-sticky-section-no e-con e-parent\" data-id=\"367521e\" data-element_type=\"container\" data-e-type=\"container\" data-settings=\"{&quot;_ha_eqh_enable&quot;:false}\">\n\t\t\t\t\t<div class=\"e-con-inner\">\n\t\t\t\t<div class=\"elementor-element elementor-element-386be7c elementor-widget elementor-widget-heading\" data-id=\"386be7c\" data-element_type=\"widget\" data-e-type=\"widget\" data-widget_type=\"heading.default\">\n\t\t\t\t<div class=\"elementor-widget-container\">\n\t\t\t\t\t<h2 class=\"elementor-heading-title elementor-size-default\">WILL CALL ORDERS<\/h2>\t\t\t\t<\/div>\n\t\t\t\t<\/div>\n\t\t\t\t<div class=\"elementor-element elementor-element-68cc392 elementor-widget elementor-widget-text-editor\" data-id=\"68cc392\" data-element_type=\"widget\" data-e-type=\"widget\" data-widget_type=\"text-editor.default\">\n\t\t\t\t<div class=\"elementor-widget-container\">\n\t\t\t\t\t\t\t\t\t<p>&#8211; <span data-olk-copy-source=\"MessageBody\">Los pedidos designados para recogida deben recogerse en un plazo de 30 d\u00edas. Los que no se recojan en el plazo asignado se cobrar\u00e1n autom\u00e1ticamente con los gastos de env\u00edo est\u00e1ndar y se enviar\u00e1n por correo a la direcci\u00f3n que figura en el expediente. Si no se pueden procesar los gastos de env\u00edo, el pedido se cancelar\u00e1 y se reembolsar\u00e1 (menos los gastos de reposici\u00f3n aplicables). Esto puede dar lugar a la reversi\u00f3n de las comisiones y el volumen asociados.<\/span><\/p>\t\t\t\t\t\t\t\t<\/div>\n\t\t\t\t<\/div>\n\t\t\t\t\t<\/div>\n\t\t\t\t<\/div>\n\t\t\t\t<\/div>","protected":false},"excerpt":{"rendered":"<p>EFFECTIVE July 17, 2025 SHIPPING SHIPPING COST &#8211; All orders shipping cost is based on the weight of complete order. TRACKING &#8211; Tracking information will be emailed to the &#8216;ship to&#8217; email listed, if provided on individual orders when shipped. &#8211; Tracking number link can also be found in your back office within 2 &#8211; 12 hours after order placement. *Exception to orders placed after 2pm (PST) Fridays. INFORMATION &#8211; Complete your order by 2pm&nbsp; (PST) for same day shipping. &#8211; Orders placed after 2pm, will be shipped the following business day. &#8211; Orders placed on the weekend, ship the following business day. *Holiday exceptions may apply. &#8211; Orders can not be combined to ship together. &#8211; Orders shipping outside of the U.S.A. please text (909) 682 &#8211; 5386 &#8211; Orders in Mexico or the Dominican Republic, please contact countries cooperate office. Mexico: +52 33 3123 1568 DR: 809&nbsp; 476&nbsp; 6733&nbsp; 6753 RETURNS &#8211; Customer is responsible for returning shipping, *exceptions apply. &#8211; Upon request, a return label can be supplied, and cost deducted from refund. &#8211; 100% refund minus shipping cost on preferred and retail customer orders returned within 30 days of purchase date *exception applied to requested return labels. &#8211; 100% refund minus shipping cost on Independent Distributor orders returned within 15 days of purchase date *exception applied to requested return labels. &#8211; 90% refund minus shipping cost on Independent Distributor orders returned within 30 days of purchase date (includes 10% restock fee) *exception applied to requested return labels. &#8211; Returns will not be accepted after 30 days of order purchase date. &#8211; No returns on specials or promotional offers under final sale. WILL CALL ORDERS &#8211; Orders designated for pick-up must be collected within 30 days. Those not claimed in the allocated time will automatically be charged standard shipping fees and mailed to the address on file. If the shipping charge cannot be processed, the order will be cancelled and refunded (minus any applicable restocking fees). This may result in the reversal of associated commissions and volume. Informaci\u00f3n sobre env\u00edos a Colombia Haz clic aqui<\/p>","protected":false},"author":2,"featured_media":0,"parent":0,"menu_order":0,"comment_status":"closed","ping_status":"closed","template":"","meta":{"inline_featured_image":false,"site-sidebar-layout":"no-sidebar","site-content-layout":"","ast-site-content-layout":"full-width-container","site-content-style":"default","site-sidebar-style":"default","ast-global-header-display":"","ast-banner-title-visibility":"","ast-main-header-display":"","ast-hfb-above-header-display":"","ast-hfb-below-header-display":"","ast-hfb-mobile-header-display":"","site-post-title":"disabled","ast-breadcrumbs-content":"","ast-featured-img":"disabled","footer-sml-layout":"","ast-disable-related-posts":"","theme-transparent-header-meta":"","adv-header-id-meta":"","stick-header-meta":"","header-above-stick-meta":"","header-main-stick-meta":"","header-below-stick-meta":"","astra-migrate-meta-layouts":"default","ast-page-background-enabled":"default","ast-page-background-meta":{"desktop":{"background-color":"var(--ast-global-color-4)","background-image":"","background-repeat":"repeat","background-position":"center center","background-size":"auto","background-attachment":"scroll","background-type":"","background-media":"","overlay-type":"","overlay-color":"","overlay-opacity":"","overlay-gradient":""},"tablet":{"background-color":"","background-image":"","background-repeat":"repeat","background-position":"center center","background-size":"auto","background-attachment":"scroll","background-type":"","background-media":"","overlay-type":"","overlay-color":"","overlay-opacity":"","overlay-gradient":""},"mobile":{"background-color":"","background-image":"","background-repeat":"repeat","background-position":"center center","background-size":"auto","background-attachment":"scroll","background-type":"","background-media":"","overlay-type":"","overlay-color":"","overlay-opacity":"","overlay-gradient":""}},"ast-content-background-meta":{"desktop":{"background-color":"var(--ast-global-color-5)","background-image":"","background-repeat":"repeat","background-position":"center center","background-size":"auto","background-attachment":"scroll","background-type":"","background-media":"","overlay-type":"","overlay-color":"","overlay-opacity":"","overlay-gradient":""},"tablet":{"background-color":"var(--ast-global-color-5)","background-image":"","background-repeat":"repeat","background-position":"center center","background-size":"auto","background-attachment":"scroll","background-type":"","background-media":"","overlay-type":"","overlay-color":"","overlay-opacity":"","overlay-gradient":""},"mobile":{"background-color":"var(--ast-global-color-5)","background-image":"","background-repeat":"repeat","background-position":"center center","background-size":"auto","background-attachment":"scroll","background-type":"","background-media":"","overlay-type":"","overlay-color":"","overlay-opacity":"","overlay-gradient":""}},"footnotes":""},"class_list":["post-867","page","type-page","status-publish","hentry"],"_links":{"self":[{"href":"\/mex\/wp-json\/wp\/v2\/pages\/867","targetHints":{"allow":["GET"]}}],"collection":[{"href":"\/mex\/wp-json\/wp\/v2\/pages"}],"about":[{"href":"\/mex\/wp-json\/wp\/v2\/types\/page"}],"author":[{"embeddable":true,"href":"\/mex\/wp-json\/wp\/v2\/users\/2"}],"replies":[{"embeddable":true,"href":"\/mex\/wp-json\/wp\/v2\/comments?post=867"}],"version-history":[{"count":76,"href":"\/mex\/wp-json\/wp\/v2\/pages\/867\/revisions"}],"predecessor-version":[{"id":26792,"href":"\/mex\/wp-json\/wp\/v2\/pages\/867\/revisions\/26792"}],"wp:attachment":[{"href":"\/mex\/wp-json\/wp\/v2\/media?parent=867"}],"curies":[{"name":"wp","href":"https:\/\/api.w.org\/{rel}","templated":true}]}}