{"id":758,"date":"2024-02-28T15:26:38","date_gmt":"2024-02-28T23:26:38","guid":{"rendered":"https:\/\/nuviglobal.com\/staging\/?page_id=758"},"modified":"2025-01-22T17:32:23","modified_gmt":"2025-01-23T01:32:23","slug":"spam-policy","status":"publish","type":"page","link":"\/sv\/spam-policy\/","title":{"rendered":"spam policy"},"content":{"rendered":"<div data-elementor-type=\"wp-page\" data-elementor-id=\"758\" class=\"elementor elementor-758\" data-elementor-settings=\"{&quot;ha_cmc_init_switcher&quot;:&quot;no&quot;}\" data-elementor-post-type=\"page\">\n\t\t\t\t<div class=\"elementor-element elementor-element-177ba048 e-con-full e-flex wpr-particle-no wpr-jarallax-no wpr-parallax-no wpr-sticky-section-no e-con e-parent\" data-id=\"177ba048\" data-element_type=\"container\" data-e-type=\"container\" data-settings=\"{&quot;background_background&quot;:&quot;classic&quot;,&quot;_ha_eqh_enable&quot;:false}\">\n\t\t<div class=\"elementor-element elementor-element-2e5079d e-flex e-con-boxed wpr-particle-no wpr-jarallax-no wpr-parallax-no wpr-sticky-section-no e-con e-child\" data-id=\"2e5079d\" data-element_type=\"container\" data-e-type=\"container\" data-settings=\"{&quot;_ha_eqh_enable&quot;:false}\">\n\t\t\t\t\t<div class=\"e-con-inner\">\n\t\t\t\t<div class=\"elementor-element elementor-element-05ee554 elementor-widget elementor-widget-heading\" data-id=\"05ee554\" data-element_type=\"widget\" data-e-type=\"widget\" data-widget_type=\"heading.default\">\n\t\t\t\t<div class=\"elementor-widget-container\">\n\t\t\t\t\t<h2 class=\"elementor-heading-title elementor-size-default\">Spam Policy<\/h2>\t\t\t\t<\/div>\n\t\t\t\t<\/div>\n\t\t\t\t\t<\/div>\n\t\t\t\t<\/div>\n\t\t\t\t<\/div>\n\t\t<div class=\"elementor-element elementor-element-64e21a0 e-flex e-con-boxed wpr-particle-no wpr-jarallax-no wpr-parallax-no wpr-sticky-section-no e-con e-parent\" data-id=\"64e21a0\" data-element_type=\"container\" data-e-type=\"container\" data-settings=\"{&quot;_ha_eqh_enable&quot;:false}\">\n\t\t\t\t\t<div class=\"e-con-inner\">\n\t\t\t\t<div class=\"elementor-element elementor-element-349e28d elementor-widget elementor-widget-text-editor\" data-id=\"349e28d\" data-element_type=\"widget\" data-e-type=\"widget\" data-widget_type=\"text-editor.default\">\n\t\t\t\t<div class=\"elementor-widget-container\">\n\t\t\t\t\t\t\t\t\t<p style=\"margin-bottom: 15px; font-size: 16px; font-weight: 400; line-height: 26px; color: #242424; font-family: Quicksand, sans-serif; font-style: normal;\">Nuvi Global le anima a utilizar nuestro servicio siempre y cuando respete los T\u00e9rminos y condiciones y la prohibici\u00f3n de Nuvi Global sobre el env\u00edo de correo basura y las actividades de marketing poco \u00e9ticas.<\/p>\n<p style=\"margin-bottom: 15px; font-size: 16px; font-weight: 400; line-height: 26px; color: #242424; font-family: Quicksand, sans-serif; font-style: normal;\">A continuaci\u00f3n se incluyen algunos ejemplos de spam que pueden infringir los T\u00e9rminos y<br>Condiciones y Nuvi Global's&nbsp;<span style=\"font-weight: bolder; margin-bottom: 0px;\">Pol\u00edtica sobre spam:<\/span><\/p>\n<ul style=\"margin-top: 0px; margin-bottom: 1rem; color: #242424; font-family: Quicksand, sans-serif; font-size: 20px; font-style: normal; font-weight: 400;\">\n<li>Manipular identificadores, como los encabezados de correo electr\u00f3nico, para ocultar el origen de cualquier contenido transmitido a los sistemas inform\u00e1ticos de Nuvi Global o a trav\u00e9s de ellos.<\/li>\n<li>Reenviar correos electr\u00f3nicos desde los servidores de correo de un tercero sin el permiso de dicho tercero.<\/li>\n<li>Utilizar o hacer que se utilicen los sistemas inform\u00e1ticos de Nuvi Global para facilitar la transmisi\u00f3n de material no solicitado o no autorizado. Esto incluye cualquier material promocional, direcciones URL, \u00abcorreo basura\u00bb, \u00abcartas en cadena\u00bb, \u00abesquemas piramidales\u00bb o cualquier otra forma de solicitud no autorizada que usted pueda cargar, publicar, enviar por correo electr\u00f3nico, transmitir o poner a disposici\u00f3n de cualquier otra forma.<\/li>\n<li>Utilizar \u00abrobots\u00bb u otros medios para recopilar direcciones de correo electr\u00f3nico de otros usuarios del sitio web Nuvi Global con el fin de enviar material no solicitado o no autorizado.<\/li>\n<li>Subir, publicar, enviar por correo electr\u00f3nico o transmitir el mismo mensaje, URL o publicaci\u00f3n varias veces.<\/li>\n<li>Interrumpir el flujo normal del di\u00e1logo, hacer que la pantalla se desplace m\u00e1s r\u00e1pido de lo que otros usuarios del servicio pueden escribir o actuar de cualquier otra forma que afecte negativamente a la capacidad de otros usuarios para participar en intercambios en tiempo real.<\/li>\n<\/ul>\n<p style=\"margin-bottom: 15px; font-size: 16px; font-weight: 400; line-height: 26px; color: #242424; font-family: Quicksand, sans-serif; font-style: normal;\">Algunos servicios de Nuvi Global pueden tener directrices adicionales sobre el spam que explican la conducta adecuada para dichos servicios. Dichas pol\u00edticas adicionales se incorporan por referencia a la Pol\u00edtica universal sobre spam de Nuvi Global. Es responsabilidad del usuario consultar las directrices de cada propiedad para obtener m\u00e1s detalles sobre el spam.<\/p>\n<p style=\"margin-bottom: 15px; font-size: 16px; font-weight: 400; line-height: 26px; color: #242424; font-family: Quicksand, sans-serif; font-style: normal;\">Las infracciones de nuestros T\u00e9rminos y condiciones o de esta Pol\u00edtica universal contra el spam pueden dar lugar a acciones legales contra usted y a la cancelaci\u00f3n, sin previo aviso, de su Nuvi Global ID y\/o cualquier cosa relacionada con ella, incluyendo, entre otras cosas, cuentas de correo electr\u00f3nico, clubes, publicaciones, p\u00e1ginas de inicio y perfiles. Nada de lo dispuesto en esta pol\u00edtica tiene por objeto otorgar ning\u00fan derecho a transmitir correo electr\u00f3nico a los sistemas inform\u00e1ticos de Nuvi Global o a trav\u00e9s de ellos. Nuvi Global no renuncia a ning\u00fan derecho por no hacer cumplir esta pol\u00edtica en todos los casos en que pueda ser aplicable.<\/p>\n<p style=\"margin-bottom: 15px; font-size: 16px; font-weight: 400; line-height: 26px; color: #242424; font-family: Quicksand, sans-serif; font-style: normal;\"><span style=\"font-weight: bolder; margin-bottom: 0px;\">AVISO:<\/span>&nbsp;El spam se considera el env\u00edo de uno o m\u00e1s anuncios publicitarios no solicitados por correo electr\u00f3nico a los sistemas de software de Nuvi Global o a trav\u00e9s de ellos. Cualquier correo electr\u00f3nico no autorizado enviado mediante el uso de los sistemas de software de Nuvi Global constituye una infracci\u00f3n de los T\u00e9rminos y condiciones de Nuvi Global, la Pol\u00edtica de spam y determinadas leyes federales, estatales e internacionales. Dichas infracciones pueden dar lugar a sanciones civiles y penales para el remitente y sus agentes.<\/p>\n<ol style=\"margin-top: 0px; margin-bottom: 1rem; color: #242424; font-family: Quicksand, sans-serif; font-size: 20px; font-style: normal; font-weight: 400;\">\n<li>Nuvi Global es el \u00fanico operador que recopila o mantiene informaci\u00f3n personal a trav\u00e9s del sitio web http:\/\/www.nuviglobal.com.<\/li>\n<li>Los miembros (cualquier visitante u otra persona que utilice el sitio web) pueden ponerse en contacto con http:\/\/www.nuviglobal.com utilizando la siguiente informaci\u00f3n:<br>Nuvi Global<br>1101 S Milliken Ave Suite F\/G<br>Ontario, CA 91761<br>Estados Unidos<br>Correo electr\u00f3nico:&nbsp;<a style=\"color: #ffffff; text-decoration-line: none; transition-duration: 0.3s; transition-timing-function: ease-out; outline: none medium;\" href=\"mailto:info@nuviglobal.com\">info@nuviglobal.com<\/a><br>Telephone: 844-740-6938<br style=\"margin-bottom: 0px;\">Fax: 1-877-365-7627<\/li>\n<li>Por favor, revise los T\u00e9rminos y condiciones de uso.<\/li>\n<\/ol>\n<p style=\"margin-bottom: 15px; font-size: 16px; font-weight: 400; line-height: 26px; color: #242424; font-family: Quicksand, sans-serif; font-style: normal;\"><span style=\"font-weight: bolder; margin-bottom: 0px;\">Recopilaci\u00f3n de informaci\u00f3n<\/span>.<\/p>\n<ol style=\"margin-top: 0px; margin-bottom: 1rem; color: #242424; font-family: Quicksand, sans-serif; font-size: 20px; font-style: normal; font-weight: 400;\">\n<li>El sitio web recopila activamente informaci\u00f3n de sus miembros, como nombre y apellidos, edad, ciudad y estado, direcci\u00f3n de correo electr\u00f3nico, sexo, fecha de nacimiento e informaci\u00f3n a trav\u00e9s de formularios de registro, solicitudes, encuestas voluntarias, sorteos, concursos, compras y participaci\u00f3n en foros p\u00fablicos, como tablones de anuncios.<\/li>\n<li>El sitio se reserva el derecho de recopilar de forma pasiva informaci\u00f3n relacionada con el uso del sitio, como el tiempo dedicado al mismo, las \u00e1reas visitadas y los sitios enlazados desde y hacia \u00e9l. En el futuro, el sitio podr\u00e1 recopilar informaci\u00f3n adicional e instalar cookies en los discos duros de los miembros.<\/li>\n<li>El sitio permite a los miembros poner a disposici\u00f3n informaci\u00f3n personal en foros p\u00fablicos, como tableros de anuncios, en la medida en que los miembros elijan revelar dicha informaci\u00f3n.<\/li>\n<li>Si un miembro se comunica con cualquier empleado o persona afiliada, se deber\u00e1 mantener un registro de ello.<br style=\"margin-bottom: 0px;\">correspondence may be kept.<\/li>\n<li>El sitio tiene prohibido condicionar la participaci\u00f3n de un miembro en una actividad a que \u00e9ste revele m\u00e1s informaci\u00f3n personal de la que sea razonablemente necesaria para participar en dicha actividad.<\/li>\n<\/ol>\n<p style=\"margin-bottom: 15px; font-size: 16px; font-weight: 400; line-height: 26px; color: #242424; font-family: Quicksand, sans-serif; font-style: normal;\"><span style=\"font-weight: bolder; margin-bottom: 0px;\">Uso de la informaci\u00f3n<\/span><\/p>\n<ol style=\"margin-top: 0px; margin-bottom: 1rem; color: #242424; font-family: Quicksand, sans-serif; font-size: 20px; font-style: normal; font-weight: 400;\">\n<li>La informaci\u00f3n personal se utiliza para el mantenimiento de registros, la administraci\u00f3n del sitio, las actividades en el sitio, el cumplimiento de las transacciones solicitadas y el marketing solo para los miembros que han dado su consentimiento para dicho marketing.<\/li>\n<li>La informaci\u00f3n personal recopilada de los miembros no se divulga a terceros, excepto a las empresas con las que el sitio web est\u00e1 afiliado por propiedad com\u00fan. El sitio puede contratar a terceros para que revisen cierta informaci\u00f3n personal y le asesoren sobre cuestiones demogr\u00e1ficas y de marketing, generalmente de forma agregada, y solo despu\u00e9s de que dichos terceros hayan acordado mantener la confidencialidad, seguridad e integridad de cualquier dato.<br>informaci\u00f3n personal obtenida.<br style=\"margin-bottom: 0px;\">Menores de edad (Ni\u00f1os)<\/li>\n<li>&nbsp;Los padres (o tutores) de un menor pueden dar su consentimiento para la recopilaci\u00f3n y el uso de la informaci\u00f3n personal de dicho menor sin dar su consentimiento para la divulgaci\u00f3n de dicha informaci\u00f3n a terceros.<\/li>\n<li>Los padres pueden revisar y eliminar la informaci\u00f3n personal del menor y\/o pueden negarse a permitir una mayor recopilaci\u00f3n o uso de la informaci\u00f3n personal del menor, cualquiera de las cuales cancelar\u00e1 la membres\u00eda del menor en el sitio.<\/li>\n<\/ol>\n<p style=\"margin-bottom: 15px; font-size: 16px; font-weight: 400; line-height: 26px; color: #242424; font-family: Quicksand, sans-serif; font-style: normal;\">En cualquier caso, env\u00ede una carta por fax o correo postal a la direcci\u00f3n de contacto que figura a continuaci\u00f3n:<\/p>\n<p style=\"margin-bottom: 15px; font-size: 16px; font-weight: 400; line-height: 26px; color: #242424; font-family: Quicksand, sans-serif; font-style: normal;\">Doy\/No doy mi consentimiento (marque una opci\u00f3n) para la recopilaci\u00f3n y el uso de la informaci\u00f3n personal de mi hijo por parte de Nuvi Global, sujeto a los t\u00e9rminos de la pol\u00edtica de privacidad impresa arriba.<\/p>\n<p style=\"margin-bottom: 0px; font-size: 16px; font-weight: 400; line-height: 26px; color: #242424; font-family: Quicksand, sans-serif; font-style: normal;\">Fecha:<br>Firma del padre\/madre: (o tutor legal)<br>Nombre del padre\/madre (en letra de imprenta):<br>Nombre del menor (en letra de imprenta):<br>Correo electr\u00f3nico de los padres:<br>Nuvi Global<br>1101 S Milliken Ave Suite F\/G<br>Ontario, CA 91761<br>Estados Unidos<br>Correo electr\u00f3nico:&nbsp;<a style=\"color: #ffffff; text-decoration-line: none; transition-duration: 0.3s; transition-timing-function: ease-out; outline: none medium;\" href=\"mailto:info@nuviglobal.com\">info@nuviglobal.com<\/a><br style=\"margin-bottom: 0px;\">Phone: 844-740-6938<\/p>\t\t\t\t\t\t\t\t<\/div>\n\t\t\t\t<\/div>\n\t\t\t\t\t<\/div>\n\t\t\t\t<\/div>\n\t\t\t\t<\/div>","protected":false},"excerpt":{"rendered":"<p>Spam Policy Nuvi Global encourages you to use our service as long as you abide by the Terms and Conditions and Nuvi Global\u2019s prohibition on spamming and unethical marketing activities. The following are some examples of spamming that may violate the Terms andConditions and Nuvi Global\u2019s&nbsp;Spam Policy: Manipulating identifiers, such as email headers, to disguise the origin of any content transmitted to or through Nuvi Global computer systems. Relaying email from a third party\u2019s mail servers without the permission of that third party. Using or causing to be used Nuvi Global computer systems to facilitate the transmission of unsolicited or unauthorized material. This includes any promotional materials, URLs, \u201cjunk mail,\u201d \u201cchain letters,\u201d \u201cpyramid schemes,\u201d or any other form of unauthorized solicitation that you may upload, post, email, transmit, or otherwise make available. Using \u201crobots\u201d or otherwise harvesting other\u2019s email addresses from the Nuvi Global site for purposes of sending unsolicited or unauthorized material. Uploading, posting, emailing, or transmitting the same message, URL, or post multiple times. Disrupting the normal flow of dialogue, or causing the screen to \u201cscroll\u201d faster than other users of the service are able to type, or otherwise acting in a manner that negatively affects other users\u2019 ability to engage in real-time exchanges. Certain Nuvi Global services may have additional spam guidelines explaining appropriate conduct for those services. Those additional policies are incorporated by reference into the Nuvi Global Universal Spam Policy. It is the user\u2019s responsibility to check each property\u2019s guidelines for additional details regarding spam. Violations of our Terms and Conditions or this Universal Spam Policy may result in legal action against you and the termination, without notice, of your Nuvi Global ID and\/or anything associated with it, including, but not limited to, email accounts, clubs, posts, home pages, and profiles. Nothing in this policy is intended to grant any right to transmit email to or through Nuvi Global computer systems. Nuvi Global does not waive any rights by the failure to enforce this policy in every instance in which it might apply. NOTICE:&nbsp;Spam is considered the sending one or more unsolicited email advertisements to or through Nuvi Global software systems. Any unauthorized email via use of the Nuvi Global software systems is a violation of the Nuvi Global Terms and Conditions, Spam Policy, and certain federal, state and international laws. Such violations may subject the sender and his or her agents to civil and criminal penalties. Nuvi Global is the only operator collecting or maintaining personal information through the http:\/\/www.nuviglobal.com website. A member (any visitor or other person making use of the website) may contact http:\/\/www.nuviglobal.com using the following information:Nuvi Global1101 S Milliken Ave Suite F\/GOntario, CA 91761United StatesEmail:&nbsp;info@nuviglobal.comTelephone: 844-740-6938Fax: 1-877-365-7627 Please review the Terms &amp; Conditions of Usage. Collection of Information. The website actively collects information from its members such as first and last name, age, city and state, email address, gender, birth date, and information through signup forms, applications, voluntary surveys, sweepstakes, contests, purchases, and participation in public forums such as bulletin boards. The site reserves the right to passively collect information related to site usage such as time spent on site, areas visited, and sites linked to and from. In the future, the site may collect additional information and may install cookies on members\u2019 hard drives. The site allows members to make personal information available in public forums such as bulletin boards, to the extent the members choose to disclose such information. If a member contacts any employee or affiliated person, a record of thatcorrespondence may be kept. The site is prohibited from conditioning a member\u2019s participation in an activity on the member\u2019s disclosing more personal information than is reasonably necessary to participate in such activity. Usage of Information Personal information is used for recordkeeping, site management, activities on the site, the fulfillment of requested transactions, and marketing only to members who have consented to such marketing. Personal information collected from members is not disclosed to third parties, except companies with which the web site is affiliated by common ownership. The site may retain third parties to review certain personal information to advise it on demographic and marketing related issues, typically on an aggregated basis, and only after such third parties have agreed to maintain the confidentiality, security, and integrity of anypersonal information obtained.Minors (Children) &nbsp;A parent (or guardian) of a minor may consent to collection and use of that minor\u2019s personal information without consenting to the disclosure of that information to third parties. Parents can review and have deleted the minor\u2019s personal information&nbsp; and\/or can refuse to permit further collection or use of the minor\u2019s personal information, either of which will terminate the minor\u2019s membership on the site. In either case, please send a letter by fax or mail to the contact address listed below: I do \/ do not consent (circle one) to the collection and use of my child\u2019s personal information by Nuvi Global, subject to the terms of the privacy policy printed above. Date:Parent\u2019s Signature:(or Legal Guardian)Parent\u2019s Name (print):Minor\u2019s Name (print):Parent\u2019s e-mail:Nuvi Global1101 S Milliken Ave Suite F\/GOntario, CA 91761United StatesEmail:&nbsp;info@nuviglobal.comPhone: 844-740-6938<\/p>","protected":false},"author":2,"featured_media":0,"parent":0,"menu_order":0,"comment_status":"closed","ping_status":"closed","template":"","meta":{"inline_featured_image":false,"site-sidebar-layout":"no-sidebar","site-content-layout":"","ast-site-content-layout":"full-width-container","site-content-style":"default","site-sidebar-style":"default","ast-global-header-display":"","ast-banner-title-visibility":"","ast-main-header-display":"","ast-hfb-above-header-display":"","ast-hfb-below-header-display":"","ast-hfb-mobile-header-display":"","site-post-title":"disabled","ast-breadcrumbs-content":"","ast-featured-img":"disabled","footer-sml-layout":"","ast-disable-related-posts":"","theme-transparent-header-meta":"","adv-header-id-meta":"","stick-header-meta":"","header-above-stick-meta":"","header-main-stick-meta":"","header-below-stick-meta":"","astra-migrate-meta-layouts":"default","ast-page-background-enabled":"default","ast-page-background-meta":{"desktop":{"background-color":"var(--ast-global-color-4)","background-image":"","background-repeat":"repeat","background-position":"center center","background-size":"auto","background-attachment":"scroll","background-type":"","background-media":"","overlay-type":"","overlay-color":"","overlay-opacity":"","overlay-gradient":""},"tablet":{"background-color":"","background-image":"","background-repeat":"repeat","background-position":"center center","background-size":"auto","background-attachment":"scroll","background-type":"","background-media":"","overlay-type":"","overlay-color":"","overlay-opacity":"","overlay-gradient":""},"mobile":{"background-color":"","background-image":"","background-repeat":"repeat","background-position":"center center","background-size":"auto","background-attachment":"scroll","background-type":"","background-media":"","overlay-type":"","overlay-color":"","overlay-opacity":"","overlay-gradient":""}},"ast-content-background-meta":{"desktop":{"background-color":"var(--ast-global-color-5)","background-image":"","background-repeat":"repeat","background-position":"center center","background-size":"auto","background-attachment":"scroll","background-type":"","background-media":"","overlay-type":"","overlay-color":"","overlay-opacity":"","overlay-gradient":""},"tablet":{"background-color":"var(--ast-global-color-5)","background-image":"","background-repeat":"repeat","background-position":"center center","background-size":"auto","background-attachment":"scroll","background-type":"","background-media":"","overlay-type":"","overlay-color":"","overlay-opacity":"","overlay-gradient":""},"mobile":{"background-color":"var(--ast-global-color-5)","background-image":"","background-repeat":"repeat","background-position":"center center","background-size":"auto","background-attachment":"scroll","background-type":"","background-media":"","overlay-type":"","overlay-color":"","overlay-opacity":"","overlay-gradient":""}},"footnotes":""},"class_list":["post-758","page","type-page","status-publish","hentry"],"_links":{"self":[{"href":"\/sv\/wp-json\/wp\/v2\/pages\/758","targetHints":{"allow":["GET"]}}],"collection":[{"href":"\/sv\/wp-json\/wp\/v2\/pages"}],"about":[{"href":"\/sv\/wp-json\/wp\/v2\/types\/page"}],"author":[{"embeddable":true,"href":"\/sv\/wp-json\/wp\/v2\/users\/2"}],"replies":[{"embeddable":true,"href":"\/sv\/wp-json\/wp\/v2\/comments?post=758"}],"version-history":[{"count":16,"href":"\/sv\/wp-json\/wp\/v2\/pages\/758\/revisions"}],"predecessor-version":[{"id":24415,"href":"\/sv\/wp-json\/wp\/v2\/pages\/758\/revisions\/24415"}],"wp:attachment":[{"href":"\/sv\/wp-json\/wp\/v2\/media?parent=758"}],"curies":[{"name":"wp","href":"https:\/\/api.w.org\/{rel}","templated":true}]}}